{"id":24539,"date":"2023-03-24T13:01:21","date_gmt":"2023-03-24T13:01:21","guid":{"rendered":"https:\/\/clubcampoferrol.es\/club-campo-actividades\/"},"modified":"2023-05-23T14:30:21","modified_gmt":"2023-05-23T14:30:21","slug":"club-campo-actividades","status":"publish","type":"page","link":"https:\/\/clubcampoferrol.es\/gl\/club-campo-actividades\/","title":{"rendered":"Club de Campo &#8211; Actividades"},"content":{"rendered":"\t\t<div data-elementor-type=\"wp-page\" data-elementor-id=\"24539\" class=\"elementor elementor-24539 elementor-21277\">\n\t\t\t\t\t\t\t\t\t<section class=\"elementor-section elementor-top-section elementor-element elementor-element-2fc4415 elementor-section-boxed elementor-section-height-default elementor-section-height-default sc_fly_static\" data-id=\"2fc4415\" data-element_type=\"section\">\n\t\t\t\t\t\t<div class=\"elementor-container elementor-column-gap-extended\">\n\t\t\t\t\t<div class=\"elementor-column elementor-col-100 elementor-top-column elementor-element elementor-element-c29ef1c sc_inner_width_none sc_content_align_inherit sc_layouts_column_icons_position_left sc_fly_static\" data-id=\"c29ef1c\" data-element_type=\"column\">\n\t\t\t<div class=\"elementor-widget-wrap elementor-element-populated\">\n\t\t\t\t\t\t\t\t<div class=\"elementor-element elementor-element-0c8e452 sc_height_huge sc_fly_static elementor-widget elementor-widget-spacer\" data-id=\"0c8e452\" data-element_type=\"widget\" data-widget_type=\"spacer.default\">\n\t\t\t\t<div class=\"elementor-widget-container\">\n\t\t\t<style>\/*! elementor - v3.16.0 - 20-09-2023 *\/\n.elementor-column .elementor-spacer-inner{height:var(--spacer-size)}.e-con{--container-widget-width:100%}.e-con-inner>.elementor-widget-spacer,.e-con>.elementor-widget-spacer{width:var(--container-widget-width,var(--spacer-size));--align-self:var(--container-widget-align-self,initial);--flex-shrink:0}.e-con-inner>.elementor-widget-spacer>.elementor-widget-container,.e-con>.elementor-widget-spacer>.elementor-widget-container{height:100%;width:100%}.e-con-inner>.elementor-widget-spacer>.elementor-widget-container>.elementor-spacer,.e-con>.elementor-widget-spacer>.elementor-widget-container>.elementor-spacer{height:100%}.e-con-inner>.elementor-widget-spacer>.elementor-widget-container>.elementor-spacer>.elementor-spacer-inner,.e-con>.elementor-widget-spacer>.elementor-widget-container>.elementor-spacer>.elementor-spacer-inner{height:var(--container-widget-height,var(--spacer-size))}.e-con-inner>.elementor-widget-spacer.elementor-widget-empty,.e-con>.elementor-widget-spacer.elementor-widget-empty{position:relative;min-height:22px;min-width:22px}.e-con-inner>.elementor-widget-spacer.elementor-widget-empty .elementor-widget-empty-icon,.e-con>.elementor-widget-spacer.elementor-widget-empty .elementor-widget-empty-icon{position:absolute;top:0;bottom:0;left:0;right:0;margin:auto;padding:0;width:22px;height:22px}<\/style>\t\t<div class=\"elementor-spacer\">\n\t\t\t<div class=\"elementor-spacer-inner\"><\/div>\n\t\t<\/div>\n\t\t\t\t<\/div>\n\t\t\t\t<\/div>\n\t\t\t\t\t<\/div>\n\t\t<\/div>\n\t\t\t\t\t\t\t<\/div>\n\t\t<\/section>\n\t\t\t\t<section class=\"elementor-section elementor-top-section elementor-element elementor-element-3f87de9 elementor-section-boxed elementor-section-height-default elementor-section-height-default sc_fly_static\" data-id=\"3f87de9\" data-element_type=\"section\">\n\t\t\t\t\t\t<div class=\"elementor-container elementor-column-gap-extended\">\n\t\t\t\t\t<div class=\"elementor-column elementor-col-50 elementor-top-column elementor-element elementor-element-4096c5a sc_inner_width_none sc_content_align_inherit sc_layouts_column_icons_position_left sc_fly_static\" data-id=\"4096c5a\" data-element_type=\"column\">\n\t\t\t<div class=\"elementor-widget-wrap elementor-element-populated\">\n\t\t\t\t\t\t\t\t<div class=\"elementor-element elementor-element-f2f5d15 sc_fly_static elementor-widget elementor-widget-trx_sc_title\" data-id=\"f2f5d15\" data-element_type=\"widget\" data-widget_type=\"trx_sc_title.default\">\n\t\t\t\t<div class=\"elementor-widget-container\">\n\t\t\t<div\t\tclass=\"sc_title color_style_link2 sc_title_default\" ><span class=\"sc_item_subtitle sc_title_subtitle sc_item_subtitle_above sc_item_title_style_default\">Actividades<\/span><h1 class=\"sc_item_title sc_title_title sc_item_title_style_default sc_item_title_tag\"\n\t\t\t><span class=\"sc_item_title_text\">Desfruta coa t\u00faa familia e as t\u00faas amizades no Club<\/span><\/h1><\/div>\t\t<\/div>\n\t\t\t\t<\/div>\n\t\t\t\t\t<\/div>\n\t\t<\/div>\n\t\t\t\t<div class=\"elementor-column elementor-col-50 elementor-top-column elementor-element elementor-element-f979f05 sc_inner_width_none sc_content_align_inherit sc_layouts_column_icons_position_left sc_fly_static\" data-id=\"f979f05\" data-element_type=\"column\">\n\t\t\t<div class=\"elementor-widget-wrap elementor-element-populated\">\n\t\t\t\t\t\t\t\t<div class=\"elementor-element elementor-element-221fa8d sc_fly_static elementor-widget elementor-widget-text-editor\" data-id=\"221fa8d\" data-element_type=\"widget\" data-widget_type=\"text-editor.default\">\n\t\t\t\t<div class=\"elementor-widget-container\">\n\t\t\t<style>\/*! elementor - v3.16.0 - 20-09-2023 *\/\n.elementor-widget-text-editor.elementor-drop-cap-view-stacked .elementor-drop-cap{background-color:#69727d;color:#fff}.elementor-widget-text-editor.elementor-drop-cap-view-framed .elementor-drop-cap{color:#69727d;border:3px solid;background-color:transparent}.elementor-widget-text-editor:not(.elementor-drop-cap-view-default) .elementor-drop-cap{margin-top:8px}.elementor-widget-text-editor:not(.elementor-drop-cap-view-default) .elementor-drop-cap-letter{width:1em;height:1em}.elementor-widget-text-editor .elementor-drop-cap{float:left;text-align:center;line-height:1;font-size:50px}.elementor-widget-text-editor .elementor-drop-cap-letter{display:inline-block}<\/style>\t\t\t\t<p><span style=\"font-weight: 400;\">Co paso dos anos, o club foi ampliando a s\u00faa oferta de actividades deportivas e culturais que contin\u00faan mellorando grazas \u00e1 participaci\u00f3n duns socios satisfeitos cos profesionais que as dirixen pensando nas necesidades de todos eles. <\/span><\/p>\t\t\t\t\t\t<\/div>\n\t\t\t\t<\/div>\n\t\t\t\t\t<\/div>\n\t\t<\/div>\n\t\t\t\t\t\t\t<\/div>\n\t\t<\/section>\n\t\t\t\t<section class=\"elementor-section elementor-top-section elementor-element elementor-element-a2585d4 elementor-section-boxed elementor-section-height-default elementor-section-height-default sc_fly_static\" data-id=\"a2585d4\" data-element_type=\"section\">\n\t\t\t\t\t\t<div class=\"elementor-container elementor-column-gap-extended\">\n\t\t\t\t\t<div class=\"elementor-column elementor-col-100 elementor-top-column elementor-element elementor-element-5227585 sc_inner_width_none sc_content_align_inherit sc_layouts_column_icons_position_left sc_fly_static\" data-id=\"5227585\" data-element_type=\"column\">\n\t\t\t<div class=\"elementor-widget-wrap elementor-element-populated\">\n\t\t\t\t\t\t\t\t<div class=\"elementor-element elementor-element-517c663 sc_fly_static elementor-widget elementor-widget-spacer\" data-id=\"517c663\" data-element_type=\"widget\" data-widget_type=\"spacer.default\">\n\t\t\t\t<div class=\"elementor-widget-container\">\n\t\t\t\t\t<div class=\"elementor-spacer\">\n\t\t\t<div class=\"elementor-spacer-inner\"><\/div>\n\t\t<\/div>\n\t\t\t\t<\/div>\n\t\t\t\t<\/div>\n\t\t\t\t\t<\/div>\n\t\t<\/div>\n\t\t\t\t\t\t\t<\/div>\n\t\t<\/section>\n\t\t\t\t<section class=\"elementor-section elementor-top-section elementor-element elementor-element-2eca9f8 elementor-section-stretched elementor-section-boxed elementor-section-height-default elementor-section-height-default sc_fly_static\" data-id=\"2eca9f8\" data-element_type=\"section\" data-settings=\"{&quot;stretch_section&quot;:&quot;section-stretched&quot;}\">\n\t\t\t\t\t\t<div class=\"elementor-container elementor-column-gap-no\">\n\t\t\t\t\t<div class=\"elementor-column elementor-col-100 elementor-top-column elementor-element elementor-element-74bf412 sc_inner_width_none sc_content_align_inherit sc_layouts_column_icons_position_left sc_fly_static\" data-id=\"74bf412\" data-element_type=\"column\">\n\t\t\t<div class=\"elementor-widget-wrap elementor-element-populated\">\n\t\t\t\t\t\t\t\t<div class=\"elementor-element elementor-element-e906230 sc_fly_static elementor-widget elementor-widget-trx_sc_services\" data-id=\"e906230\" data-element_type=\"widget\" id=\"Campamentos\" data-widget_type=\"trx_sc_services.default\">\n\t\t\t\t<div class=\"elementor-widget-container\">\n\t\t\t<div id=\"Campamentos_sc\" class=\"sc_services sc_services_classic sc_services_featured_top\"><div class=\"sc_services_columns_wrap sc_item_columns sc_item_posts_container sc_item_columns_3 trx_addons_columns_wrap no_margin\"><div class=\"trx_addons_column-1_3 trx_addons_column-1_2-tablet \"><div data-post-id=\"24584\" class=\"sc_services_item sc_item_container post_container with_more with_content with_image sc_services_item_featured_none post-24584 cpt_services type-cpt_services status-publish has-post-thumbnail hentry\">\n\t\t<div class=\"sc_services_item_content \" style=\"background-image: url(https:\/\/clubcampoferrol.es\/wp-content\/uploads\/2021\/09\/piscina-club-campo-ferrol-2-840x1260.jpg);\">\n\t\t\t\t<div class=\"sc_services_item_content_inner\"><div class=\"sc_services_item_content_inner_bottom\"><div class=\"sc_services_item_info_wrap\">\n                    <div class=\"sc_services_item_title_wrap\">\n                        <h6 class=\"sc_services_item_title\"><a href=\"https:\/\/clubcampoferrol.es\/gl\/actividades\/piscina-spa\/\">Piscina e SPA<\/a><\/h6>\n                        <\/div><div class=\"sc_services_item_button sc_item_button\">\n                        <a href=\"https:\/\/clubcampoferrol.es\/gl\/actividades\/piscina-spa\/\" class=\"sc_services_item_more_link\">\n                            <span class=\"link_text\">Ver actividad<\/span><span class=\"link_icon\"><\/span>\n                        <\/a>\n                        <\/div><\/div><div class=\"sc_services_item_text\"><p>Actividades complexo<\/p>\n<\/div><\/div><\/div><a class=\"sc_services_item_link\" href=\"https:\/\/clubcampoferrol.es\/gl\/actividades\/piscina-spa\/\"><\/a><\/div><\/div><\/div><div class=\"trx_addons_column-1_3 trx_addons_column-1_2-tablet \"><div data-post-id=\"24727\" class=\"sc_services_item sc_item_container post_container with_more with_content with_image sc_services_item_featured_none post-24727 cpt_services type-cpt_services status-publish has-post-thumbnail hentry\">\n\t\t<div class=\"sc_services_item_content \" style=\"background-image: url(https:\/\/clubcampoferrol.es\/wp-content\/uploads\/2023\/03\/actividades-tenis-840x1260.webp);\">\n\t\t\t\t<div class=\"sc_services_item_content_inner\"><div class=\"sc_services_item_content_inner_bottom\"><div class=\"sc_services_item_info_wrap\">\n                    <div class=\"sc_services_item_title_wrap\">\n                        <h6 class=\"sc_services_item_title\"><a href=\"https:\/\/clubcampoferrol.es\/gl\/actividades\/tenis\/\">Tenis<\/a><\/h6>\n                        <\/div><div class=\"sc_services_item_button sc_item_button\">\n                        <a href=\"https:\/\/clubcampoferrol.es\/gl\/actividades\/tenis\/\" class=\"sc_services_item_more_link\">\n                            <span class=\"link_text\">Ver actividad<\/span><span class=\"link_icon\"><\/span>\n                        <\/a>\n                        <\/div><\/div><div class=\"sc_services_item_text\"><p>Actividades complexo<\/p>\n<\/div><\/div><\/div><a class=\"sc_services_item_link\" href=\"https:\/\/clubcampoferrol.es\/gl\/actividades\/tenis\/\"><\/a><\/div><\/div><\/div><div class=\"trx_addons_column-1_3 trx_addons_column-1_2-tablet \"><div data-post-id=\"24686\" class=\"sc_services_item sc_item_container post_container with_more with_content with_image sc_services_item_featured_none post-24686 cpt_services type-cpt_services status-publish has-post-thumbnail hentry\">\n\t\t<div class=\"sc_services_item_content \" style=\"background-image: url(https:\/\/clubcampoferrol.es\/wp-content\/uploads\/2023\/03\/actividades-gym-840x1260.webp);\">\n\t\t\t\t<div class=\"sc_services_item_content_inner\"><div class=\"sc_services_item_content_inner_bottom\"><div class=\"sc_services_item_info_wrap\">\n                    <div class=\"sc_services_item_title_wrap\">\n                        <h6 class=\"sc_services_item_title\"><a href=\"https:\/\/clubcampoferrol.es\/gl\/actividades\/gimnasio\/\">Ximnasio<\/a><\/h6>\n                        <\/div><div class=\"sc_services_item_button sc_item_button\">\n                        <a href=\"https:\/\/clubcampoferrol.es\/gl\/actividades\/gimnasio\/\" class=\"sc_services_item_more_link\">\n                            <span class=\"link_text\">Ver actividad<\/span><span class=\"link_icon\"><\/span>\n                        <\/a>\n                        <\/div><\/div><div class=\"sc_services_item_text\"><p>Actividades complexo<\/p>\n<\/div><\/div><\/div><a class=\"sc_services_item_link\" href=\"https:\/\/clubcampoferrol.es\/gl\/actividades\/gimnasio\/\"><\/a><\/div><\/div><\/div><div class=\"trx_addons_column-1_3 trx_addons_column-1_2-tablet \"><div data-post-id=\"24769\" class=\"sc_services_item sc_item_container post_container with_more with_content with_image sc_services_item_featured_none post-24769 cpt_services type-cpt_services status-publish has-post-thumbnail hentry\">\n\t\t<div class=\"sc_services_item_content \" style=\"background-image: url(https:\/\/clubcampoferrol.es\/wp-content\/uploads\/2023\/03\/actividades-futbol-840x1260.webp);\">\n\t\t\t\t<div class=\"sc_services_item_content_inner\"><div class=\"sc_services_item_content_inner_bottom\"><div class=\"sc_services_item_info_wrap\">\n                    <div class=\"sc_services_item_title_wrap\">\n                        <h6 class=\"sc_services_item_title\"><a href=\"https:\/\/clubcampoferrol.es\/gl\/actividades\/futbol\/\">F\u00fatbol<\/a><\/h6>\n                        <\/div><div class=\"sc_services_item_button sc_item_button\">\n                        <a href=\"https:\/\/clubcampoferrol.es\/gl\/actividades\/futbol\/\" class=\"sc_services_item_more_link\">\n                            <span class=\"link_text\">Ver actividad<\/span><span class=\"link_icon\"><\/span>\n                        <\/a>\n                        <\/div><\/div><div class=\"sc_services_item_text\"><p>Actividades complexo<\/p>\n<\/div><\/div><\/div><a class=\"sc_services_item_link\" href=\"https:\/\/clubcampoferrol.es\/gl\/actividades\/futbol\/\"><\/a><\/div><\/div><\/div><div class=\"trx_addons_column-1_3 trx_addons_column-1_2-tablet \"><div data-post-id=\"24603\" class=\"sc_services_item sc_item_container post_container with_more with_content with_image sc_services_item_featured_none post-24603 cpt_services type-cpt_services status-publish has-post-thumbnail hentry\">\n\t\t<div class=\"sc_services_item_content \" style=\"background-image: url(https:\/\/clubcampoferrol.es\/wp-content\/uploads\/2023\/03\/actvidades-padel-840x1260.webp);\">\n\t\t\t\t<div class=\"sc_services_item_content_inner\"><div class=\"sc_services_item_content_inner_bottom\"><div class=\"sc_services_item_info_wrap\">\n                    <div class=\"sc_services_item_title_wrap\">\n                        <h6 class=\"sc_services_item_title\"><a href=\"https:\/\/clubcampoferrol.es\/gl\/actividades\/padel\/\">P\u00e1del<\/a><\/h6>\n                        <\/div><div class=\"sc_services_item_button sc_item_button\">\n                        <a href=\"https:\/\/clubcampoferrol.es\/gl\/actividades\/padel\/\" class=\"sc_services_item_more_link\">\n                            <span class=\"link_text\">Ver actividad<\/span><span class=\"link_icon\"><\/span>\n                        <\/a>\n                        <\/div><\/div><div class=\"sc_services_item_text\"><p>Actividades complexo<\/p>\n<\/div><\/div><\/div><a class=\"sc_services_item_link\" href=\"https:\/\/clubcampoferrol.es\/gl\/actividades\/padel\/\"><\/a><\/div><\/div><\/div><div class=\"trx_addons_column-1_3 trx_addons_column-1_2-tablet \"><div data-post-id=\"24693\" class=\"sc_services_item sc_item_container post_container with_more with_content with_image sc_services_item_featured_none post-24693 cpt_services type-cpt_services status-publish has-post-thumbnail hentry\">\n\t\t<div class=\"sc_services_item_content \" style=\"background-image: url(https:\/\/clubcampoferrol.es\/wp-content\/uploads\/2023\/03\/actividades-educativas-840x1260.webp);\">\n\t\t\t\t<div class=\"sc_services_item_content_inner\"><div class=\"sc_services_item_content_inner_bottom\"><div class=\"sc_services_item_info_wrap\">\n                    <div class=\"sc_services_item_title_wrap\">\n                        <h6 class=\"sc_services_item_title\"><a href=\"https:\/\/clubcampoferrol.es\/gl\/actividades\/educativas\/\">Educativas<\/a><\/h6>\n                        <\/div><div class=\"sc_services_item_button sc_item_button\">\n                        <a href=\"https:\/\/clubcampoferrol.es\/gl\/actividades\/educativas\/\" class=\"sc_services_item_more_link\">\n                            <span class=\"link_text\">Ver actividad<\/span><span class=\"link_icon\"><\/span>\n                        <\/a>\n                        <\/div><\/div><div class=\"sc_services_item_text\"><p>Actividades complexo<\/p>\n<\/div><\/div><\/div><a class=\"sc_services_item_link\" href=\"https:\/\/clubcampoferrol.es\/gl\/actividades\/educativas\/\"><\/a><\/div><\/div><\/div><div class=\"trx_addons_column-1_3 trx_addons_column-1_2-tablet \"><div data-post-id=\"24710\" class=\"sc_services_item sc_item_container post_container with_more with_content with_image sc_services_item_featured_none post-24710 cpt_services type-cpt_services status-publish has-post-thumbnail hentry\">\n\t\t<div class=\"sc_services_item_content \" style=\"background-image: url(https:\/\/clubcampoferrol.es\/wp-content\/uploads\/2023\/03\/rondalla-club-campo-840x525.jpg);\">\n\t\t\t\t<div class=\"sc_services_item_content_inner\"><div class=\"sc_services_item_content_inner_bottom\"><div class=\"sc_services_item_info_wrap\">\n                    <div class=\"sc_services_item_title_wrap\">\n                        <h6 class=\"sc_services_item_title\"><a href=\"https:\/\/clubcampoferrol.es\/gl\/actividades\/rondalla\/\">Rondalla<\/a><\/h6>\n                        <\/div><div class=\"sc_services_item_button sc_item_button\">\n                        <a href=\"https:\/\/clubcampoferrol.es\/gl\/actividades\/rondalla\/\" class=\"sc_services_item_more_link\">\n                            <span class=\"link_text\">Ver actividad<\/span><span class=\"link_icon\"><\/span>\n                        <\/a>\n                        <\/div><\/div><div class=\"sc_services_item_text\"><p>Actividades complexo<\/p>\n<\/div><\/div><\/div><a class=\"sc_services_item_link\" href=\"https:\/\/clubcampoferrol.es\/gl\/actividades\/rondalla\/\"><\/a><\/div><\/div><\/div><div class=\"trx_addons_column-1_3 trx_addons_column-1_2-tablet \"><div data-post-id=\"24659\" class=\"sc_services_item sc_item_container post_container with_more with_content with_image sc_services_item_featured_none post-24659 cpt_services type-cpt_services status-publish has-post-thumbnail hentry\">\n\t\t<div class=\"sc_services_item_content \" style=\"background-image: url(https:\/\/clubcampoferrol.es\/wp-content\/uploads\/2023\/04\/parque-infantil-840x560.jpg);\">\n\t\t\t\t<div class=\"sc_services_item_content_inner\"><div class=\"sc_services_item_content_inner_bottom\"><div class=\"sc_services_item_info_wrap\">\n                    <div class=\"sc_services_item_title_wrap\">\n                        <h6 class=\"sc_services_item_title\"><a href=\"https:\/\/clubcampoferrol.es\/gl\/actividades\/parque\/\">Parque<\/a><\/h6>\n                        <\/div><div class=\"sc_services_item_button sc_item_button\">\n                        <a href=\"https:\/\/clubcampoferrol.es\/gl\/actividades\/parque\/\" class=\"sc_services_item_more_link\">\n                            <span class=\"link_text\">Ver actividad<\/span><span class=\"link_icon\"><\/span>\n                        <\/a>\n                        <\/div><\/div><div class=\"sc_services_item_text\"><p>Actividades complexo<\/p>\n<\/div><\/div><\/div><a class=\"sc_services_item_link\" href=\"https:\/\/clubcampoferrol.es\/gl\/actividades\/parque\/\"><\/a><\/div><\/div><\/div><div class=\"trx_addons_column-1_3 trx_addons_column-1_2-tablet \"><div data-post-id=\"24627\" class=\"sc_services_item sc_item_container post_container with_more with_content with_image sc_services_item_featured_none post-24627 cpt_services type-cpt_services status-publish has-post-thumbnail hentry\">\n\t\t<div class=\"sc_services_item_content \" style=\"background-image: url(https:\/\/clubcampoferrol.es\/wp-content\/uploads\/2023\/04\/DJI_0037-2-840x1259.jpg);\">\n\t\t\t\t<div class=\"sc_services_item_content_inner\"><div class=\"sc_services_item_content_inner_bottom\"><div class=\"sc_services_item_info_wrap\">\n                    <div class=\"sc_services_item_title_wrap\">\n                        <h6 class=\"sc_services_item_title\"><a href=\"https:\/\/clubcampoferrol.es\/gl\/actividades\/piscinas-exteriores\/\">Piscinas exteriores<\/a><\/h6>\n                        <\/div><div class=\"sc_services_item_button sc_item_button\">\n                        <a href=\"https:\/\/clubcampoferrol.es\/gl\/actividades\/piscinas-exteriores\/\" class=\"sc_services_item_more_link\">\n                            <span class=\"link_text\">Ver actividad<\/span><span class=\"link_icon\"><\/span>\n                        <\/a>\n                        <\/div><\/div><div class=\"sc_services_item_text\"><p>Actividades complexo<\/p>\n<\/div><\/div><\/div><a class=\"sc_services_item_link\" href=\"https:\/\/clubcampoferrol.es\/gl\/actividades\/piscinas-exteriores\/\"><\/a><\/div><\/div><\/div><div class=\"trx_addons_column-1_3 trx_addons_column-1_2-tablet \"><div data-post-id=\"24732\" class=\"sc_services_item sc_item_container post_container with_more with_content with_image sc_services_item_featured_none post-24732 cpt_services type-cpt_services status-publish has-post-thumbnail hentry\">\n\t\t<div class=\"sc_services_item_content \" style=\"background-image: url(https:\/\/clubcampoferrol.es\/wp-content\/uploads\/2023\/04\/fiesta-acuatica-4-840x911.jpg);\">\n\t\t\t\t<div class=\"sc_services_item_content_inner\"><div class=\"sc_services_item_content_inner_bottom\"><div class=\"sc_services_item_info_wrap\">\n                    <div class=\"sc_services_item_title_wrap\">\n                        <h6 class=\"sc_services_item_title\"><a href=\"https:\/\/clubcampoferrol.es\/gl\/actividades\/campamentos\/\">Campamentos<\/a><\/h6>\n                        <\/div><div class=\"sc_services_item_button sc_item_button\">\n                        <a href=\"https:\/\/clubcampoferrol.es\/gl\/actividades\/campamentos\/\" class=\"sc_services_item_more_link\">\n                            <span class=\"link_text\">Ver actividad<\/span><span class=\"link_icon\"><\/span>\n                        <\/a>\n                        <\/div><\/div><div class=\"sc_services_item_text\"><p>Actividades complexo<\/p>\n<\/div><\/div><\/div><a class=\"sc_services_item_link\" href=\"https:\/\/clubcampoferrol.es\/gl\/actividades\/campamentos\/\"><\/a><\/div><\/div><\/div><\/div><\/div>\t\t<\/div>\n\t\t\t\t<\/div>\n\t\t\t\t<div class=\"elementor-element elementor-element-ae87674 sc_height_huge sc_fly_static elementor-widget elementor-widget-spacer\" data-id=\"ae87674\" data-element_type=\"widget\" data-widget_type=\"spacer.default\">\n\t\t\t\t<div class=\"elementor-widget-container\">\n\t\t\t\t\t<div class=\"elementor-spacer\">\n\t\t\t<div class=\"elementor-spacer-inner\"><\/div>\n\t\t<\/div>\n\t\t\t\t<\/div>\n\t\t\t\t<\/div>\n\t\t\t\t\t<\/div>\n\t\t<\/div>\n\t\t\t\t\t\t\t<\/div>\n\t\t<\/section>\n\t\t\t\t\t\t\t<\/div>\n\t\t","protected":false},"excerpt":{"rendered":"<p>Actividades Desfruta coa t\u00faa familia e as t\u00faas amizades no Club Co paso dos anos, o club foi ampliando a s\u00faa oferta de actividades deportivas e culturais que contin\u00faan mellorando&hellip;<\/p>\n","protected":false},"author":1,"featured_media":0,"parent":0,"menu_order":0,"comment_status":"closed","ping_status":"closed","template":"","meta":{"footnotes":""},"class_list":["post-24539","page","type-page","status-publish","hentry"],"aioseo_notices":[],"_links":{"self":[{"href":"https:\/\/clubcampoferrol.es\/gl\/wp-json\/wp\/v2\/pages\/24539","targetHints":{"allow":["GET"]}}],"collection":[{"href":"https:\/\/clubcampoferrol.es\/gl\/wp-json\/wp\/v2\/pages"}],"about":[{"href":"https:\/\/clubcampoferrol.es\/gl\/wp-json\/wp\/v2\/types\/page"}],"author":[{"embeddable":true,"href":"https:\/\/clubcampoferrol.es\/gl\/wp-json\/wp\/v2\/users\/1"}],"replies":[{"embeddable":true,"href":"https:\/\/clubcampoferrol.es\/gl\/wp-json\/wp\/v2\/comments?post=24539"}],"version-history":[{"count":17,"href":"https:\/\/clubcampoferrol.es\/gl\/wp-json\/wp\/v2\/pages\/24539\/revisions"}],"predecessor-version":[{"id":25524,"href":"https:\/\/clubcampoferrol.es\/gl\/wp-json\/wp\/v2\/pages\/24539\/revisions\/25524"}],"wp:attachment":[{"href":"https:\/\/clubcampoferrol.es\/gl\/wp-json\/wp\/v2\/media?parent=24539"}],"curies":[{"name":"wp","href":"https:\/\/api.w.org\/{rel}","templated":true}]}}